{"id":44,"date":"2016-01-25T21:27:56","date_gmt":"2016-01-25T20:27:56","guid":{"rendered":"http:\/\/www.hofer-stammtisch.de\/wordpress\/?page_id=44"},"modified":"2017-01-07T19:08:39","modified_gmt":"2017-01-07T18:08:39","slug":"galerie-2006","status":"publish","type":"page","link":"https:\/\/www.hofer-stammtisch.de\/wordpress\/galerie\/galerie-2006\/","title":{"rendered":"Galerie 2006"},"content":{"rendered":"<h2><a href=\"http:\/\/hofer-stammtisch.de\/jAlbum\/Dezember%202006\/index.html\"><b>Dezember 2006 &#8211; Mittelaltermarkt &amp; CADU<\/b><\/a><\/h2>\n<h2><b><a href=\"http:\/\/hofer-stammtisch.de\/jAlbum\/November%202006\/index.html\">November 2006 &#8211; Stragula<\/a><\/b><\/h2>\n<h2><b><a href=\"http:\/\/hofer-stammtisch.de\/jAlbum\/Oktober%202006\/index.html\">Oktober 2006 &#8211; Das Ziegelhaus<\/a><\/b><\/h2>\n<h2><b><a href=\"http:\/\/hofer-stammtisch.de\/jAlbum\/Oktoberfest%202006\/index.html\">Oktoberfest 2006<\/a><\/b><\/h2>\n<h2><b><a href=\"http:\/\/hofer-stammtisch.de\/jAlbum\/August%202006\/index.html\">August 2006 &#8211; Die Wildsau<\/a><\/b><\/h2>\n<h2><b><a href=\"http:\/\/hofer-stammtisch.de\/jAlbum\/Juli%202006\/index.html\">Juli 2006 &#8211; Osterwaldgarten<\/a><\/b><\/h2>\n<h2><b><a href=\"http:\/\/hofer-stammtisch.de\/jAlbum\/Bierdiplom%202006\/index.html\">Bierdiplom 2006<\/a><\/b><\/h2>\n<h2><a href=\"http:\/\/hofer-stammtisch.de\/jAlbum\/Andechs%202006\/index.html\"><b>Kloster Andechs 2006<\/b><\/a><\/h2>\n<h2><b><a href=\"http:\/\/hofer-stammtisch.de\/jAlbum\/April%202006\/index.html\">April 2006 &#8211; Gerner<\/a><\/b><\/h2>\n<h2><b><a href=\"http:\/\/hofer-stammtisch.de\/jAlbum\/Maerz%202006\/index.html\">M\u00e4rz 2006 &#8211; Bachmaier Leonrodplatz<\/a><\/b><\/h2>\n<h2><b><a href=\"http:\/\/hofer-stammtisch.de\/jAlbum\/Februar%202006\/index.html\">Februar 2006 &#8211; Caf\u00e9 Puck<\/a><\/b><\/h2>\n<h2><b><a href=\"http:\/\/hofer-stammtisch.de\/jAlbum\/Rodeln%202006\/index.html\">Rodeln Oberaudorf 2006<\/a><\/b><\/h2>\n<h2><b><a href=\"http:\/\/hofer-stammtisch.de\/jAlbum\/Januar%202006\/index.html\">Januar 2006 &#8211; Alter Bl\u00fccher<\/a><\/b><\/h2>\n","protected":false},"excerpt":{"rendered":"<p>Dezember 2006 &#8211; Mittelaltermarkt &amp; CADU November 2006 &#8211; Stragula Oktober 2006 &#8211; Das Ziegelhaus Oktoberfest 2006 August 2006 &#8211; Die Wildsau Juli 2006 &#8211; Osterwaldgarten Bierdiplom 2006 Kloster Andechs 2006 April 2006 &#8211; Gerner M\u00e4rz 2006 &#8211; Bachmaier Leonrodplatz Februar 2006 &#8211; Caf\u00e9 Puck Rodeln Oberaudorf 2006 Januar 2006 &#8211; Alter Bl\u00fccher<\/p>\n","protected":false},"author":1,"featured_media":0,"parent":19,"menu_order":47,"comment_status":"closed","ping_status":"closed","template":"","meta":{"footnotes":""},"class_list":["post-44","page","type-page","status-publish","hentry"],"_links":{"self":[{"href":"https:\/\/www.hofer-stammtisch.de\/wordpress\/wp-json\/wp\/v2\/pages\/44","targetHints":{"allow":["GET"]}}],"collection":[{"href":"https:\/\/www.hofer-stammtisch.de\/wordpress\/wp-json\/wp\/v2\/pages"}],"about":[{"href":"https:\/\/www.hofer-stammtisch.de\/wordpress\/wp-json\/wp\/v2\/types\/page"}],"author":[{"embeddable":true,"href":"https:\/\/www.hofer-stammtisch.de\/wordpress\/wp-json\/wp\/v2\/users\/1"}],"replies":[{"embeddable":true,"href":"https:\/\/www.hofer-stammtisch.de\/wordpress\/wp-json\/wp\/v2\/comments?post=44"}],"version-history":[{"count":1,"href":"https:\/\/www.hofer-stammtisch.de\/wordpress\/wp-json\/wp\/v2\/pages\/44\/revisions"}],"predecessor-version":[{"id":45,"href":"https:\/\/www.hofer-stammtisch.de\/wordpress\/wp-json\/wp\/v2\/pages\/44\/revisions\/45"}],"up":[{"embeddable":true,"href":"https:\/\/www.hofer-stammtisch.de\/wordpress\/wp-json\/wp\/v2\/pages\/19"}],"wp:attachment":[{"href":"https:\/\/www.hofer-stammtisch.de\/wordpress\/wp-json\/wp\/v2\/media?parent=44"}],"curies":[{"name":"wp","href":"https:\/\/api.w.org\/{rel}","templated":true}]}}