{"id":40,"date":"2016-01-25T21:26:30","date_gmt":"2016-01-25T20:26:30","guid":{"rendered":"http:\/\/www.hofer-stammtisch.de\/wordpress\/?page_id=40"},"modified":"2017-01-07T19:09:32","modified_gmt":"2017-01-07T18:09:32","slug":"galerie-2008","status":"publish","type":"page","link":"https:\/\/www.hofer-stammtisch.de\/wordpress\/galerie\/galerie-2008\/","title":{"rendered":"Galerie 2008"},"content":{"rendered":"<h2><a href=\"http:\/\/hofer-stammtisch.de\/jAlbum\/Dezember%202008\/index.html\"><b>Dezember 2008 &#8211; Weihnachtsmarkt Neuhausen und Jagdschl\u00f6ssl<\/b><\/a><\/h2>\n<h2><b><a href=\"http:\/\/hofer-stammtisch.de\/jAlbum\/November%202008\/index.html\">November 2008 &#8211; Stoa<\/a><\/b><\/h2>\n<h2><b><a href=\"http:\/\/hofer-stammtisch.de\/jAlbum\/Oktober%202008\/index.html\">Oktober 2008 &#8211; Faun<\/a><\/b><\/h2>\n<h2><b><a href=\"http:\/\/hofer-stammtisch.de\/jAlbum\/September%202008\/index.html\">September 2008 &#8211; Kreiller\u2019s Caf\u00e9<\/a><\/b><\/h2>\n<h2><b><a href=\"http:\/\/hofer-stammtisch.de\/jAlbum\/Juli%202008\/index.html\">Juli 2008 &#8211; Wirtshaus zum Isartal<\/a><\/b><\/h2>\n<h2><b><a href=\"http:\/\/hofer-stammtisch.de\/jAlbum\/Juni%202008\/index.html\">Juni 2008 &#8211; Laimers<\/a><\/b><\/h2>\n<h2><b><a href=\"http:\/\/hofer-stammtisch.de\/jAlbum\/April%202008\/index.html\">April 2008 &#8211; Caf\u00e9 am Beethofenplatz<\/a><\/b><\/h2>\n<h2><b><a href=\"http:\/\/hofer-stammtisch.de\/jAlbum\/Wildschoenau%202008\/index.html\">Wildsch\u00f6nau<\/a><\/b><\/h2>\n<h2><b><a href=\"http:\/\/hofer-stammtisch.de\/jAlbum\/Maerz%202008\/index.html\">M\u00e4rz 2008 &#8211; Bobolovsky\u2019s<\/a><\/b><\/h2>\n<h2><b><a href=\"http:\/\/hofer-stammtisch.de\/jAlbum\/Februar%202008\/index.html\">Februar 2008 &#8211; Drei Groschen Keller<\/a><\/b><\/h2>\n<h2><b><a href=\"http:\/\/hofer-stammtisch.de\/jAlbum\/Januar%202008\/index.html\">Januar 2008 &#8211; Zur Schandgeige<\/a><\/b><\/h2>\n<h2><a href=\"http:\/\/hofer-stammtisch.de\/jAlbum\/Andechs%202008\/index.html\"><b>St\u00e4rke antrinken 2008 &#8211; Kloster Andechs<\/b><\/a><\/h2>\n","protected":false},"excerpt":{"rendered":"<p>Dezember 2008 &#8211; Weihnachtsmarkt Neuhausen und Jagdschl\u00f6ssl November 2008 &#8211; Stoa Oktober 2008 &#8211; Faun September 2008 &#8211; Kreiller\u2019s Caf\u00e9 Juli 2008 &#8211; Wirtshaus zum Isartal Juni 2008 &#8211; Laimers April 2008 &#8211; Caf\u00e9 am Beethofenplatz Wildsch\u00f6nau M\u00e4rz 2008 &#8211; Bobolovsky\u2019s Februar 2008 &#8211; Drei Groschen Keller Januar 2008 &#8211; Zur Schandgeige St\u00e4rke antrinken 2008 [&hellip;]<\/p>\n","protected":false},"author":1,"featured_media":0,"parent":19,"menu_order":45,"comment_status":"closed","ping_status":"closed","template":"","meta":{"footnotes":""},"class_list":["post-40","page","type-page","status-publish","hentry"],"_links":{"self":[{"href":"https:\/\/www.hofer-stammtisch.de\/wordpress\/wp-json\/wp\/v2\/pages\/40","targetHints":{"allow":["GET"]}}],"collection":[{"href":"https:\/\/www.hofer-stammtisch.de\/wordpress\/wp-json\/wp\/v2\/pages"}],"about":[{"href":"https:\/\/www.hofer-stammtisch.de\/wordpress\/wp-json\/wp\/v2\/types\/page"}],"author":[{"embeddable":true,"href":"https:\/\/www.hofer-stammtisch.de\/wordpress\/wp-json\/wp\/v2\/users\/1"}],"replies":[{"embeddable":true,"href":"https:\/\/www.hofer-stammtisch.de\/wordpress\/wp-json\/wp\/v2\/comments?post=40"}],"version-history":[{"count":1,"href":"https:\/\/www.hofer-stammtisch.de\/wordpress\/wp-json\/wp\/v2\/pages\/40\/revisions"}],"predecessor-version":[{"id":41,"href":"https:\/\/www.hofer-stammtisch.de\/wordpress\/wp-json\/wp\/v2\/pages\/40\/revisions\/41"}],"up":[{"embeddable":true,"href":"https:\/\/www.hofer-stammtisch.de\/wordpress\/wp-json\/wp\/v2\/pages\/19"}],"wp:attachment":[{"href":"https:\/\/www.hofer-stammtisch.de\/wordpress\/wp-json\/wp\/v2\/media?parent=40"}],"curies":[{"name":"wp","href":"https:\/\/api.w.org\/{rel}","templated":true}]}}