{"id":12,"date":"2016-01-25T21:13:53","date_gmt":"2016-01-25T20:13:53","guid":{"rendered":"http:\/\/www.hofer-stammtisch.de\/wordpress\/?page_id=12"},"modified":"2023-02-19T20:35:40","modified_gmt":"2023-02-19T19:35:40","slug":"unsere-treffen","status":"publish","type":"page","link":"https:\/\/www.hofer-stammtisch.de\/wordpress\/ueber-uns\/unsere-treffen\/","title":{"rendered":"Unsere Treffen"},"content":{"rendered":"<h2 style=\"text-align: center;\"><span style=\"color: #d1903c;\">Dess guda iss: Unsera Dreffen sen immer in<\/span><br \/>\n<span style=\"color: #d1903c;\"> aner annern Kneibn in M\u00fcnchen. So kummsd rum<\/span><br \/>\n<span style=\"color: #d1903c;\"> und kannsd privod an auf gru\u00dfer Nummer machn,<\/span><br \/>\n<span style=\"color: #d1903c;\"> wie wennsd dich auskennsd&#8230; (Seldn so glachd).<\/span><br \/>\n<span style=\"color: #d1903c;\"> Ober Schba\u00df bei Seidn, dess iss werglich so.<\/span><br \/>\n<span style=\"color: #d1903c;\"> Mir dreffn uns olla vier Wochn, immer wo anersch.<\/span><br \/>\n<span style=\"color: #d1903c;\"> Jeder der midlerweiln neinzich Midglieder werd per<\/span><br \/>\n<span style=\"color: #d1903c;\"> E-Mail benochrichdichd. Dess gehd rum wie a<\/span><br \/>\n<span style=\"color: #d1903c;\"> Lauffeier. Und immer a Annerer kennd widder an<\/span><br \/>\n<span style=\"color: #d1903c;\"> Neia. Dess iss der Wahnsinn. Mir glam, Hof iss<\/span><br \/>\n<span style=\"color: #d1903c;\"> scho fasd leer.<\/span><\/h2>\n","protected":false},"excerpt":{"rendered":"<p>Dess guda iss: Unsera Dreffen sen immer in aner annern Kneibn in M\u00fcnchen. So kummsd rum und kannsd privod an auf gru\u00dfer Nummer machn, wie wennsd dich auskennsd&#8230; (Seldn so glachd). Ober Schba\u00df bei Seidn, dess iss werglich so. Mir dreffn uns olla vier Wochn, immer wo anersch. Jeder der midlerweiln neinzich Midglieder werd per [&hellip;]<\/p>\n","protected":false},"author":1,"featured_media":0,"parent":5,"menu_order":3,"comment_status":"closed","ping_status":"closed","template":"","meta":{"footnotes":""},"class_list":["post-12","page","type-page","status-publish","hentry"],"_links":{"self":[{"href":"https:\/\/www.hofer-stammtisch.de\/wordpress\/wp-json\/wp\/v2\/pages\/12","targetHints":{"allow":["GET"]}}],"collection":[{"href":"https:\/\/www.hofer-stammtisch.de\/wordpress\/wp-json\/wp\/v2\/pages"}],"about":[{"href":"https:\/\/www.hofer-stammtisch.de\/wordpress\/wp-json\/wp\/v2\/types\/page"}],"author":[{"embeddable":true,"href":"https:\/\/www.hofer-stammtisch.de\/wordpress\/wp-json\/wp\/v2\/users\/1"}],"replies":[{"embeddable":true,"href":"https:\/\/www.hofer-stammtisch.de\/wordpress\/wp-json\/wp\/v2\/comments?post=12"}],"version-history":[{"count":2,"href":"https:\/\/www.hofer-stammtisch.de\/wordpress\/wp-json\/wp\/v2\/pages\/12\/revisions"}],"predecessor-version":[{"id":2048,"href":"https:\/\/www.hofer-stammtisch.de\/wordpress\/wp-json\/wp\/v2\/pages\/12\/revisions\/2048"}],"up":[{"embeddable":true,"href":"https:\/\/www.hofer-stammtisch.de\/wordpress\/wp-json\/wp\/v2\/pages\/5"}],"wp:attachment":[{"href":"https:\/\/www.hofer-stammtisch.de\/wordpress\/wp-json\/wp\/v2\/media?parent=12"}],"curies":[{"name":"wp","href":"https:\/\/api.w.org\/{rel}","templated":true}]}}